{"id":963,"date":"2025-05-28T17:12:47","date_gmt":"2025-05-28T17:12:47","guid":{"rendered":"https:\/\/tropify.es\/productos"},"modified":"2025-08-07T16:18:00","modified_gmt":"2025-08-07T16:18:00","slug":"productos","status":"publish","type":"page","link":"https:\/\/tropify.es\/en\/productos","title":{"rendered":"Products"},"content":{"rendered":"","protected":false},"excerpt":{"rendered":"","protected":false},"author":1,"featured_media":0,"parent":0,"menu_order":0,"comment_status":"closed","ping_status":"closed","template":"","meta":{"_acf_changed":false,"inline_featured_image":false,"footnotes":""},"class_list":["post-963","page","type-page","status-publish","hentry"],"acf":[],"yoast_head":"<!-- This site is optimized with the Yoast SEO plugin v27.2 - https:\/\/yoast.com\/product\/yoast-seo-wordpress\/ -->\n<title>Products - Tropify Fruits<\/title>\n<meta name=\"robots\" content=\"index, follow, max-snippet:-1, max-image-preview:large, max-video-preview:-1\" \/>\n<link rel=\"canonical\" href=\"https:\/\/tropify.es\/en\/productos\" \/>\n<meta property=\"og:locale\" content=\"en_US\" \/>\n<meta property=\"og:type\" content=\"article\" \/>\n<meta property=\"og:title\" content=\"Products - Tropify Fruits\" \/>\n<meta property=\"og:url\" content=\"https:\/\/tropify.es\/en\/productos\" \/>\n<meta property=\"og:site_name\" content=\"Tropify Fruits\" \/>\n<meta property=\"article:modified_time\" content=\"2025-08-07T16:18:00+00:00\" \/>\n<meta name=\"twitter:card\" content=\"summary_large_image\" \/>\n<meta name=\"twitter:label1\" content=\"Est. reading time\" \/>\n\t<meta name=\"twitter:data1\" content=\"11 minutes\" \/>\n<script type=\"application\/ld+json\" class=\"yoast-schema-graph\">{\"@context\":\"https:\/\/schema.org\",\"@graph\":[{\"@type\":\"WebPage\",\"@id\":\"https:\/\/tropify.es\/en\/productos\",\"url\":\"https:\/\/tropify.es\/en\/productos\",\"name\":\"Products - Tropify Fruits\",\"isPartOf\":{\"@id\":\"https:\/\/tropify.es\/en#website\"},\"datePublished\":\"2025-05-28T17:12:47+00:00\",\"dateModified\":\"2025-08-07T16:18:00+00:00\",\"breadcrumb\":{\"@id\":\"https:\/\/tropify.es\/en\/productos#breadcrumb\"},\"inLanguage\":\"en-US\",\"potentialAction\":[{\"@type\":\"ReadAction\",\"target\":[\"https:\/\/tropify.es\/en\/productos\"]}]},{\"@type\":\"BreadcrumbList\",\"@id\":\"https:\/\/tropify.es\/en\/productos#breadcrumb\",\"itemListElement\":[{\"@type\":\"ListItem\",\"position\":1,\"name\":\"Portada\",\"item\":\"https:\/\/tropify.es\/en\"},{\"@type\":\"ListItem\",\"position\":2,\"name\":\"Products\"}]},{\"@type\":\"WebSite\",\"@id\":\"https:\/\/tropify.es\/en#website\",\"url\":\"https:\/\/tropify.es\/en\",\"name\":\"Tropify Fruits\",\"description\":\"\u00danete a un grupo de consumo cerca de ti y lleva a tu hogar lo mejor de la agricultura sostenible desde Andaluc\u00eda, Espa\u00f1a.\",\"potentialAction\":[{\"@type\":\"SearchAction\",\"target\":{\"@type\":\"EntryPoint\",\"urlTemplate\":\"https:\/\/tropify.es\/en?s={search_term_string}\"},\"query-input\":{\"@type\":\"PropertyValueSpecification\",\"valueRequired\":true,\"valueName\":\"search_term_string\"}}],\"inLanguage\":\"en-US\"}]}<\/script>\n<!-- \/ Yoast SEO plugin. -->","yoast_head_json":{"title":"Products - Tropify Fruits","robots":{"index":"index","follow":"follow","max-snippet":"max-snippet:-1","max-image-preview":"max-image-preview:large","max-video-preview":"max-video-preview:-1"},"canonical":"https:\/\/tropify.es\/en\/productos","og_locale":"en_US","og_type":"article","og_title":"Products - Tropify Fruits","og_url":"https:\/\/tropify.es\/en\/productos","og_site_name":"Tropify Fruits","article_modified_time":"2025-08-07T16:18:00+00:00","twitter_card":"summary_large_image","twitter_misc":{"Est. reading time":"11 minutes"},"schema":{"@context":"https:\/\/schema.org","@graph":[{"@type":"WebPage","@id":"https:\/\/tropify.es\/en\/productos","url":"https:\/\/tropify.es\/en\/productos","name":"Products - Tropify Fruits","isPartOf":{"@id":"https:\/\/tropify.es\/en#website"},"datePublished":"2025-05-28T17:12:47+00:00","dateModified":"2025-08-07T16:18:00+00:00","breadcrumb":{"@id":"https:\/\/tropify.es\/en\/productos#breadcrumb"},"inLanguage":"en-US","potentialAction":[{"@type":"ReadAction","target":["https:\/\/tropify.es\/en\/productos"]}]},{"@type":"BreadcrumbList","@id":"https:\/\/tropify.es\/en\/productos#breadcrumb","itemListElement":[{"@type":"ListItem","position":1,"name":"Portada","item":"https:\/\/tropify.es\/en"},{"@type":"ListItem","position":2,"name":"Products"}]},{"@type":"WebSite","@id":"https:\/\/tropify.es\/en#website","url":"https:\/\/tropify.es\/en","name":"Tropify Fruits","description":"\u00danete a un grupo de consumo cerca de ti y lleva a tu hogar lo mejor de la agricultura sostenible desde Andaluc\u00eda, Espa\u00f1a.","potentialAction":[{"@type":"SearchAction","target":{"@type":"EntryPoint","urlTemplate":"https:\/\/tropify.es\/en?s={search_term_string}"},"query-input":{"@type":"PropertyValueSpecification","valueRequired":true,"valueName":"search_term_string"}}],"inLanguage":"en-US"}]}},"_links":{"self":[{"href":"https:\/\/tropify.es\/en\/wp-json\/wp\/v2\/pages\/963","targetHints":{"allow":["GET"]}}],"collection":[{"href":"https:\/\/tropify.es\/en\/wp-json\/wp\/v2\/pages"}],"about":[{"href":"https:\/\/tropify.es\/en\/wp-json\/wp\/v2\/types\/page"}],"author":[{"embeddable":true,"href":"https:\/\/tropify.es\/en\/wp-json\/wp\/v2\/users\/1"}],"replies":[{"embeddable":true,"href":"https:\/\/tropify.es\/en\/wp-json\/wp\/v2\/comments?post=963"}],"version-history":[{"count":4,"href":"https:\/\/tropify.es\/en\/wp-json\/wp\/v2\/pages\/963\/revisions"}],"predecessor-version":[{"id":1017,"href":"https:\/\/tropify.es\/en\/wp-json\/wp\/v2\/pages\/963\/revisions\/1017"}],"wp:attachment":[{"href":"https:\/\/tropify.es\/en\/wp-json\/wp\/v2\/media?parent=963"}],"curies":[{"name":"wp","href":"https:\/\/api.w.org\/{rel}","templated":true}]}}