{"id":414,"date":"2023-01-25T12:32:10","date_gmt":"2023-01-25T12:32:10","guid":{"rendered":"https:\/\/tropify.es\/sample-page"},"modified":"2025-05-28T18:16:58","modified_gmt":"2025-05-28T18:16:58","slug":"sample-page","status":"publish","type":"page","link":"https:\/\/tropify.es\/en","title":{"rendered":"Tropify"},"content":{"rendered":"","protected":false},"excerpt":{"rendered":"","protected":false},"author":1,"featured_media":826,"parent":0,"menu_order":0,"comment_status":"closed","ping_status":"open","template":"","meta":{"_acf_changed":false,"inline_featured_image":false,"footnotes":""},"class_list":["post-414","page","type-page","status-publish","has-post-thumbnail","hentry"],"acf":[],"yoast_head":"<!-- This site is optimized with the Yoast SEO plugin v27.2 - https:\/\/yoast.com\/product\/yoast-seo-wordpress\/ -->\n<title>Tropify<\/title>\n<meta name=\"description\" content=\"Join Tropify and buy organic fruit directly from Spanish producers through consumer groups.\" \/>\n<meta name=\"robots\" content=\"index, follow, max-snippet:-1, max-image-preview:large, max-video-preview:-1\" \/>\n<link rel=\"canonical\" href=\"https:\/\/tropify.es\/en\" \/>\n<meta property=\"og:locale\" content=\"en_US\" \/>\n<meta property=\"og:type\" content=\"article\" \/>\n<meta property=\"og:title\" content=\"Tropify\" \/>\n<meta property=\"og:description\" content=\"Join Tropify and buy organic fruit directly from Spanish producers through consumer groups.\" \/>\n<meta property=\"og:url\" content=\"https:\/\/tropify.es\/en\" \/>\n<meta property=\"og:site_name\" content=\"Tropify Fruits\" \/>\n<meta property=\"article:modified_time\" content=\"2025-05-28T18:16:58+00:00\" \/>\n<meta property=\"og:image\" content=\"https:\/\/tropify.es\/wp-content\/uploads\/2025\/03\/portada-wp.jpg\" \/>\n\t<meta property=\"og:image:width\" content=\"1728\" \/>\n\t<meta property=\"og:image:height\" content=\"1117\" \/>\n\t<meta property=\"og:image:type\" content=\"image\/jpeg\" \/>\n<meta name=\"twitter:card\" content=\"summary_large_image\" \/>\n<meta name=\"twitter:label1\" content=\"Est. reading time\" \/>\n\t<meta name=\"twitter:data1\" content=\"1 minute\" \/>\n<script type=\"application\/ld+json\" class=\"yoast-schema-graph\">{\"@context\":\"https:\/\/schema.org\",\"@graph\":[{\"@type\":\"WebPage\",\"@id\":\"https:\/\/tropify.es\/en\",\"url\":\"https:\/\/tropify.es\/en\",\"name\":\"Tropify\",\"isPartOf\":{\"@id\":\"https:\/\/tropify.es\/en#website\"},\"primaryImageOfPage\":{\"@id\":\"https:\/\/tropify.es\/en#primaryimage\"},\"image\":{\"@id\":\"https:\/\/tropify.es\/en#primaryimage\"},\"thumbnailUrl\":\"https:\/\/tropify.es\/wp-content\/uploads\/2025\/03\/portada-wp.jpg\",\"datePublished\":\"2023-01-25T12:32:10+00:00\",\"dateModified\":\"2025-05-28T18:16:58+00:00\",\"description\":\"Join Tropify and buy organic fruit directly from Spanish producers through consumer groups.\",\"breadcrumb\":{\"@id\":\"https:\/\/tropify.es\/en#breadcrumb\"},\"inLanguage\":\"en-US\",\"potentialAction\":[{\"@type\":\"ReadAction\",\"target\":[\"https:\/\/tropify.es\/en\"]}]},{\"@type\":\"ImageObject\",\"inLanguage\":\"en-US\",\"@id\":\"https:\/\/tropify.es\/en#primaryimage\",\"url\":\"https:\/\/tropify.es\/wp-content\/uploads\/2025\/03\/portada-wp.jpg\",\"contentUrl\":\"https:\/\/tropify.es\/wp-content\/uploads\/2025\/03\/portada-wp.jpg\",\"width\":1728,\"height\":1117},{\"@type\":\"BreadcrumbList\",\"@id\":\"https:\/\/tropify.es\/en#breadcrumb\",\"itemListElement\":[{\"@type\":\"ListItem\",\"position\":1,\"name\":\"Portada\",\"item\":\"https:\/\/tropify.es\/en\"},{\"@type\":\"ListItem\",\"position\":2,\"name\":\"Tropify\"}]},{\"@type\":\"WebSite\",\"@id\":\"https:\/\/tropify.es\/en#website\",\"url\":\"https:\/\/tropify.es\/en\",\"name\":\"Tropify Fruits\",\"description\":\"\u00danete a un grupo de consumo cerca de ti y lleva a tu hogar lo mejor de la agricultura sostenible desde Andaluc\u00eda, Espa\u00f1a.\",\"potentialAction\":[{\"@type\":\"SearchAction\",\"target\":{\"@type\":\"EntryPoint\",\"urlTemplate\":\"https:\/\/tropify.es\/en?s={search_term_string}\"},\"query-input\":{\"@type\":\"PropertyValueSpecification\",\"valueRequired\":true,\"valueName\":\"search_term_string\"}}],\"inLanguage\":\"en-US\"}]}<\/script>\n<!-- \/ Yoast SEO plugin. -->","yoast_head_json":{"title":"Tropify","description":"Join Tropify and buy organic fruit directly from Spanish producers through consumer groups.","robots":{"index":"index","follow":"follow","max-snippet":"max-snippet:-1","max-image-preview":"max-image-preview:large","max-video-preview":"max-video-preview:-1"},"canonical":"https:\/\/tropify.es\/en","og_locale":"en_US","og_type":"article","og_title":"Tropify","og_description":"Join Tropify and buy organic fruit directly from Spanish producers through consumer groups.","og_url":"https:\/\/tropify.es\/en","og_site_name":"Tropify Fruits","article_modified_time":"2025-05-28T18:16:58+00:00","og_image":[{"width":1728,"height":1117,"url":"https:\/\/tropify.es\/wp-content\/uploads\/2025\/03\/portada-wp.jpg","type":"image\/jpeg"}],"twitter_card":"summary_large_image","twitter_misc":{"Est. reading time":"1 minute"},"schema":{"@context":"https:\/\/schema.org","@graph":[{"@type":"WebPage","@id":"https:\/\/tropify.es\/en","url":"https:\/\/tropify.es\/en","name":"Tropify","isPartOf":{"@id":"https:\/\/tropify.es\/en#website"},"primaryImageOfPage":{"@id":"https:\/\/tropify.es\/en#primaryimage"},"image":{"@id":"https:\/\/tropify.es\/en#primaryimage"},"thumbnailUrl":"https:\/\/tropify.es\/wp-content\/uploads\/2025\/03\/portada-wp.jpg","datePublished":"2023-01-25T12:32:10+00:00","dateModified":"2025-05-28T18:16:58+00:00","description":"Join Tropify and buy organic fruit directly from Spanish producers through consumer groups.","breadcrumb":{"@id":"https:\/\/tropify.es\/en#breadcrumb"},"inLanguage":"en-US","potentialAction":[{"@type":"ReadAction","target":["https:\/\/tropify.es\/en"]}]},{"@type":"ImageObject","inLanguage":"en-US","@id":"https:\/\/tropify.es\/en#primaryimage","url":"https:\/\/tropify.es\/wp-content\/uploads\/2025\/03\/portada-wp.jpg","contentUrl":"https:\/\/tropify.es\/wp-content\/uploads\/2025\/03\/portada-wp.jpg","width":1728,"height":1117},{"@type":"BreadcrumbList","@id":"https:\/\/tropify.es\/en#breadcrumb","itemListElement":[{"@type":"ListItem","position":1,"name":"Portada","item":"https:\/\/tropify.es\/en"},{"@type":"ListItem","position":2,"name":"Tropify"}]},{"@type":"WebSite","@id":"https:\/\/tropify.es\/en#website","url":"https:\/\/tropify.es\/en","name":"Tropify Fruits","description":"\u00danete a un grupo de consumo cerca de ti y lleva a tu hogar lo mejor de la agricultura sostenible desde Andaluc\u00eda, Espa\u00f1a.","potentialAction":[{"@type":"SearchAction","target":{"@type":"EntryPoint","urlTemplate":"https:\/\/tropify.es\/en?s={search_term_string}"},"query-input":{"@type":"PropertyValueSpecification","valueRequired":true,"valueName":"search_term_string"}}],"inLanguage":"en-US"}]}},"_links":{"self":[{"href":"https:\/\/tropify.es\/en\/wp-json\/wp\/v2\/pages\/414","targetHints":{"allow":["GET"]}}],"collection":[{"href":"https:\/\/tropify.es\/en\/wp-json\/wp\/v2\/pages"}],"about":[{"href":"https:\/\/tropify.es\/en\/wp-json\/wp\/v2\/types\/page"}],"author":[{"embeddable":true,"href":"https:\/\/tropify.es\/en\/wp-json\/wp\/v2\/users\/1"}],"replies":[{"embeddable":true,"href":"https:\/\/tropify.es\/en\/wp-json\/wp\/v2\/comments?post=414"}],"version-history":[{"count":3,"href":"https:\/\/tropify.es\/en\/wp-json\/wp\/v2\/pages\/414\/revisions"}],"predecessor-version":[{"id":974,"href":"https:\/\/tropify.es\/en\/wp-json\/wp\/v2\/pages\/414\/revisions\/974"}],"wp:featuredmedia":[{"embeddable":true,"href":"https:\/\/tropify.es\/en\/wp-json\/wp\/v2\/media\/826"}],"wp:attachment":[{"href":"https:\/\/tropify.es\/en\/wp-json\/wp\/v2\/media?parent=414"}],"curies":[{"name":"wp","href":"https:\/\/api.w.org\/{rel}","templated":true}]}}